{"id":420,"date":"2019-09-13T12:42:20","date_gmt":"2019-09-13T10:42:20","guid":{"rendered":"http:\/\/artsinhealthfoundation.org\/web\/?page_id=420"},"modified":"2024-01-13T13:25:58","modified_gmt":"2024-01-13T11:25:58","slug":"conceptos-prinicipales","status":"publish","type":"page","link":"http:\/\/artsinhealthfoundation.org\/web\/artes-en-salut-arts-in-health\/conceptos-prinicipales\/","title":{"rendered":"Conceptos prinicipales"},"content":{"rendered":"<p>&#8220;Artes en salud&#8221; es un concepto amplio basado en el uso de las artes, la cultura y el patrimonio para mejorar la salud y el bienestar de las personas en diferentes contextos y oportunidades. Este enfoque asume la integraci\u00f3n de las artes, el patrimonio y las humanidades (artes visuales, m\u00fasica, danza, teatro, literatura, pensamiento, etc.) en la gesti\u00f3n de la salud de las personas y las comunidades. El concepto busca avanzar en la materializaci\u00f3n de los beneficios potenciales de las artes al integrarlas en los procesos asistenciales de salud, ya sea en la prevenci\u00f3n, la promoci\u00f3n de la salud o el tratamiento y la rehabilitaci\u00f3n de patolog\u00edas espec\u00edficas.<\/p>\n<p>Incorporar las artes a las herramientas que tenemos para abordar los desaf\u00edos de salud de la comunidad no es un ejercicio sencillo. Se necesita un marco conceptual claro y el desarrollo de diferentes metodolog\u00edas basadas en la evidencia que garanticen proyectos efectivos, seguros y enriquecedores. Es fundamental poner especial \u00e9nfasis en el rigor metodol\u00f3gico y la evidencia cient\u00edfica de las intervenciones, articul\u00e1ndolas a partir del objetivo te\u00f3rico de los resultados de salud esperados, indicadores adecuados y herramientas de evaluaci\u00f3n s\u00f3lidas.<\/p>\n<p>La metodolog\u00eda que siguen las intervenciones y proyectos de artes en salud debe cumplir con requisitos b\u00e1sicos, que son:<\/p>\n<ul>\n<li>Objetivo de salud claramente definido<\/li>\n<li>Cocreaci\u00f3n entre personal sanitario y profesionales de las artes y la cultura<\/li>\n<li>Participaci\u00f3n de los destinatarios de la intervenci\u00f3n ya en la fase de dise\u00f1o<\/li>\n<li>Evaluaci\u00f3n para establecer evidencia cient\u00edfica de las intervenciones<\/li>\n<li>Comunicaci\u00f3n y difusi\u00f3n de los resultados de la intervenci\u00f3n<\/li>\n<\/ul>\n<p><strong>Activos de salud<\/strong>: cualquier factor o recurso que potencie la capacidad de las personas, las comunidades y las poblaciones para mantener la salud y el bienestar. La conceptualizaci\u00f3n de los activos para la salud sigue la l\u00f3gica de hacer f\u00e1ciles y accesibles las opciones saludables, orientadas al bienestar, al crecimiento y envejecimiento saludables.<\/p>\n<p><strong>Salud comunitaria<\/strong>: es la expresi\u00f3n colectiva de la salud de una comunidad definida, determinada por la interacci\u00f3n entre las caracter\u00edsticas de las personas, las familias, el entorno social, cultural y medioambiental, as\u00ed como por los servicios sanitarios y la influencia de los factores sociales, pol\u00edticos y globales. Una intervenci\u00f3n comunitaria en salud se define como una acci\u00f3n tomada con y desde la comunidad a trav\u00e9s de un proceso de participaci\u00f3n.<\/p>\n<p><strong>Modelo de activos comunitarios<\/strong>: metodolog\u00eda de intervenci\u00f3n en salud comunitaria que pone \u00e9nfasis en el desarrollo de pol\u00edticas y actividades basadas en las habilidades, habilidades y recursos de las personas y barrios desfavorecidos. Este m\u00e9todo pretende identificar el mapa de activos o las fortalezas de la comunidad para descubrir las capacidades individuales, colectivas y medioambientales, as\u00ed como los talentos existentes en el contexto.<\/p>\n<p><strong>Prescripci\u00f3n social<\/strong>: permite a m\u00e9dicos, enfermeras y otros profesionales sanitarios dirigir a los pacientes a una serie de servicios comunitarios no cl\u00ednicos. Este enfoque asistencial parte del reconocimiento de que la salud de las personas est\u00e1 determinada principalmente por una serie de factores sociales, econ\u00f3micos y medioambientales; la prescripci\u00f3n social pretende abordar las necesidades de las personas de manera hol\u00edstica, dando apoyo para tener un mayor control de su propia salud. Las acciones de prescripci\u00f3n social pueden implicar una variedad de actividades t\u00edpicamente proporcionadas por las organizaciones comunitarias: actividades art\u00edsticas, proyectos de voluntariado, aprendizaje en grupo, jardiner\u00eda, cocina y una amplia gama de actividades deportivas.<\/p>\n<p>&nbsp;<\/p>\n<p><!--more--><\/p>\n<p><strong>Para obtener m\u00e1s informaci\u00f3n:<\/strong><\/p>\n<p>Activos para la salud:<\/p>\n<p style=\"padding-left: 30px;\">Morgan, A., &amp; Ziglio, E. (2007). Revitalising the evidence base for public health: An assets model. Promotion &amp; Education, 14, 17-22<\/p>\n<p>Salud comunitaria:<\/p>\n<p style=\"padding-left: 30px;\">Goodman RA, Bunnell R, Posner SF (October 2014). &#8220;What is &#8220;community health&#8221;? Examining the meaning of an evolving field in public health&#8221;. Preventive Medicine. 67 Suppl 1: S58\u201361.<\/p>\n<p>Modelo de activos comunitarios:<\/p>\n<p style=\"padding-left: 30px;\">Kretzman, J.P., &amp; Mcknight, J.L. (1993). Building Communities from the Inside Out: a Path Toward Finding and Mobilizing a Community Assets. Chicago, Illinois: ACTA P\u00fablications.<\/p>\n<p>Prescripci\u00f3n social:<\/p>\n<p style=\"padding-left: 30px;\">The King\u2019s Fund. (2017). What is social prescribing?. https:\/\/www.kingsfund.org.uk\/publications\/social-prescribing.<\/p>\n","protected":false},"excerpt":{"rendered":"<p>&#8220;Artes en salud&#8221; es un concepto amplio basado en el uso de las artes, la cultura y el patrimonio para&hellip;<\/p>\n","protected":false},"author":2,"featured_media":0,"parent":619,"menu_order":0,"comment_status":"closed","ping_status":"closed","template":"","meta":{"footnotes":""},"class_list":["post-420","page","type-page","status-publish","hentry"],"_links":{"self":[{"href":"http:\/\/artsinhealthfoundation.org\/web\/wp-json\/wp\/v2\/pages\/420","targetHints":{"allow":["GET"]}}],"collection":[{"href":"http:\/\/artsinhealthfoundation.org\/web\/wp-json\/wp\/v2\/pages"}],"about":[{"href":"http:\/\/artsinhealthfoundation.org\/web\/wp-json\/wp\/v2\/types\/page"}],"author":[{"embeddable":true,"href":"http:\/\/artsinhealthfoundation.org\/web\/wp-json\/wp\/v2\/users\/2"}],"replies":[{"embeddable":true,"href":"http:\/\/artsinhealthfoundation.org\/web\/wp-json\/wp\/v2\/comments?post=420"}],"version-history":[{"count":3,"href":"http:\/\/artsinhealthfoundation.org\/web\/wp-json\/wp\/v2\/pages\/420\/revisions"}],"predecessor-version":[{"id":1036,"href":"http:\/\/artsinhealthfoundation.org\/web\/wp-json\/wp\/v2\/pages\/420\/revisions\/1036"}],"up":[{"embeddable":true,"href":"http:\/\/artsinhealthfoundation.org\/web\/wp-json\/wp\/v2\/pages\/619"}],"wp:attachment":[{"href":"http:\/\/artsinhealthfoundation.org\/web\/wp-json\/wp\/v2\/media?parent=420"}],"curies":[{"name":"wp","href":"https:\/\/api.w.org\/{rel}","templated":true}]}}