{"id":383,"date":"2019-07-21T20:44:10","date_gmt":"2019-07-21T18:44:10","guid":{"rendered":"http:\/\/artsinhealthfoundation.org\/web\/?page_id=383"},"modified":"2019-07-21T20:44:10","modified_gmt":"2019-07-21T18:44:10","slug":"que-hacemos","status":"publish","type":"page","link":"https:\/\/artsinhealthfoundation.org\/ext\/que-hacemos\/","title":{"rendered":"Qu\u00e9 hacemos"},"content":{"rendered":"<p><strong>La IAiHF tiene 3 l\u00edneas de acci\u00f3n principales<\/strong>:<\/p>\n<hr \/>\n<h3><strong>PROMOCI\u00d3N<\/strong><\/h3>\n<p><strong>Asentar la artes in health como estrategia innovadora para la obtenci\u00f3n de resultados en salud y bienestar<\/strong><\/p>\n<ul>\n<li>Difundir entre los decisores p\u00fablicos, la relevancia del Arts in Health en la definici\u00f3n de las pol\u00edticas y en el dise\u00f1o de servicios de salud.<\/li>\n<li>Incentivar los partenariados intersectoriales, de car\u00e1cter p\u00fablico, privado y con el tercer sector, con el fin de promocionar la definici\u00f3n, implantaci\u00f3n y \/ o evaluaci\u00f3n de programas de artes en la salud, tanto a nivel local como global.<\/li>\n<li>Generar conocimiento, an\u00e1lisis y posicionamiento t\u00e9cnico respecto al potencial de interacci\u00f3n de los sectores de las artes y la salud.<\/li>\n<li>Mantener un di\u00e1logo constante con entidades del Tercer sector, agentes sociales, grupos de inter\u00e9s, y otros colectivos relevantes para el Arts in Health.<\/li>\n<\/ul>\n<hr \/>\n<h3><strong>EVIDENCIA Y calidad<\/strong><\/h3>\n<p><strong>Fomentar la evidencia cient\u00edfica, la calidad y el rigor metodol\u00f3gico en el Arts in Health<\/strong><\/p>\n<ul>\n<li>Impulsar criterios metodol\u00f3gicos robustos que faciliten el desarrollo de proyectos e intervenciones de Artes in Health bajo principios de rigor cient\u00edfico, impacto y evaluabilidad.<\/li>\n<li>Desarrollar est\u00e1ndares de calidad para instituciones involucradas en actividades de Artes in Health (sistemas de certificaci\u00f3n y acreditaci\u00f3n).<\/li>\n<li>Promover la investigaci\u00f3n en el Arts in Health con el objetivo de desarrollar proyectos acad\u00e9micos y de investigaci\u00f3n que contribuyan a ampliar el corpus de evidencia cl\u00ednica en la salud y bienestar en intervenciones de Artes in Health.<\/li>\n<li>Construir alianzas para la creaci\u00f3n de una oferta formativa para los diferentes niveles del sistema educativo: grado, postgrado, de formaci\u00f3n continuada y de capacitaci\u00f3n profesional.<\/li>\n<\/ul>\n<hr \/>\n<h3><strong>proyectos e impacto<\/strong><\/h3>\n<p><strong>Promover la ejecuci\u00f3n de proyectos artes in health a escala nacional e internacional<\/strong><\/p>\n<ul>\n<li>Creaci\u00f3n de un banco de buenas pr\u00e1cticas internacional que fomente el intercambio de experiencias y cree v\u00ednculos entre profesionales.<\/li>\n<li>Promoci\u00f3n de un premio internacional que reconozca anualmente las mejores iniciativas en el \u00e1mbito de la Arts in Health.<\/li>\n<li>Asesoramiento en el dise\u00f1o y gesti\u00f3n de programas de Artes in health<\/li>\n<li>Apoyo en la b\u00fasqueda de financiaci\u00f3n de proyectos de Artes in Health<\/li>\n<li>Apoyo en la solicitud, gesti\u00f3n y justificaci\u00f3n de proyectos europeos y competitivos<\/li>\n<\/ul>\n<hr \/>\n","protected":false},"excerpt":{"rendered":"<p>La IAiHF tiene 3 l\u00edneas de acci\u00f3n principales: PROMOCI\u00d3N Asentar la artes in health como estrategia innovadora para la obtenci\u00f3n &hellip; <\/p>\n","protected":false},"author":1,"featured_media":553,"parent":0,"menu_order":3,"comment_status":"closed","ping_status":"closed","template":"","meta":{"nf_dc_page":"","om_disable_all_campaigns":false,"footnotes":""},"class_list":["post-383","page","type-page","status-publish","has-post-thumbnail","hentry"],"yoast_head":"<!-- This site is optimized with the Yoast SEO plugin v27.5 - https:\/\/yoast.com\/product\/yoast-seo-wordpress\/ -->\n<title>Qu\u00e9 hacemos - Arts in Health International Foundation<\/title>\n<meta name=\"robots\" content=\"index, follow, max-snippet:-1, max-image-preview:large, max-video-preview:-1\" \/>\n<link rel=\"canonical\" href=\"https:\/\/artsinhealthfoundation.org\/ext\/que-hacemos\/\" \/>\n<meta property=\"og:locale\" content=\"en_US\" \/>\n<meta property=\"og:type\" content=\"article\" \/>\n<meta property=\"og:title\" content=\"Qu\u00e9 hacemos - Arts in Health International Foundation\" \/>\n<meta property=\"og:description\" content=\"La IAiHF tiene 3 l\u00edneas de acci\u00f3n principales: PROMOCI\u00d3N Asentar la artes in health como estrategia innovadora para la obtenci\u00f3n &hellip;\" \/>\n<meta property=\"og:url\" content=\"https:\/\/artsinhealthfoundation.org\/ext\/que-hacemos\/\" \/>\n<meta property=\"og:site_name\" content=\"Arts in Health International Foundation\" \/>\n<meta name=\"twitter:card\" content=\"summary_large_image\" \/>\n<meta name=\"twitter:label1\" content=\"Est. reading time\" \/>\n\t<meta name=\"twitter:data1\" content=\"2 minutes\" \/>\n<script type=\"application\/ld+json\" class=\"yoast-schema-graph\">{\"@context\":\"https:\\\/\\\/schema.org\",\"@graph\":[{\"@type\":\"WebPage\",\"@id\":\"https:\\\/\\\/artsinhealthfoundation.org\\\/ext\\\/que-hacemos\\\/\",\"url\":\"https:\\\/\\\/artsinhealthfoundation.org\\\/ext\\\/que-hacemos\\\/\",\"name\":\"Qu\u00e9 hacemos - Arts in Health International Foundation\",\"isPartOf\":{\"@id\":\"https:\\\/\\\/artsinhealthfoundation.org\\\/ext\\\/#website\"},\"primaryImageOfPage\":{\"@id\":\"https:\\\/\\\/artsinhealthfoundation.org\\\/ext\\\/que-hacemos\\\/#primaryimage\"},\"image\":{\"@id\":\"https:\\\/\\\/artsinhealthfoundation.org\\\/ext\\\/que-hacemos\\\/#primaryimage\"},\"thumbnailUrl\":\"\",\"datePublished\":\"2019-07-21T18:44:10+00:00\",\"breadcrumb\":{\"@id\":\"https:\\\/\\\/artsinhealthfoundation.org\\\/ext\\\/que-hacemos\\\/#breadcrumb\"},\"inLanguage\":\"en-US\",\"potentialAction\":[{\"@type\":\"ReadAction\",\"target\":[\"https:\\\/\\\/artsinhealthfoundation.org\\\/ext\\\/que-hacemos\\\/\"]}]},{\"@type\":\"ImageObject\",\"inLanguage\":\"en-US\",\"@id\":\"https:\\\/\\\/artsinhealthfoundation.org\\\/ext\\\/que-hacemos\\\/#primaryimage\",\"url\":\"\",\"contentUrl\":\"\"},{\"@type\":\"BreadcrumbList\",\"@id\":\"https:\\\/\\\/artsinhealthfoundation.org\\\/ext\\\/que-hacemos\\\/#breadcrumb\",\"itemListElement\":[{\"@type\":\"ListItem\",\"position\":1,\"name\":\"Home\",\"item\":\"https:\\\/\\\/artsinhealthfoundation.org\\\/ext\\\/\"},{\"@type\":\"ListItem\",\"position\":2,\"name\":\"Qu\u00e9 hacemos\"}]},{\"@type\":\"WebSite\",\"@id\":\"https:\\\/\\\/artsinhealthfoundation.org\\\/ext\\\/#website\",\"url\":\"https:\\\/\\\/artsinhealthfoundation.org\\\/ext\\\/\",\"name\":\"Arts in Health International Foundation\",\"description\":\"Arts in Health International Foundation\",\"potentialAction\":[{\"@type\":\"SearchAction\",\"target\":{\"@type\":\"EntryPoint\",\"urlTemplate\":\"https:\\\/\\\/artsinhealthfoundation.org\\\/ext\\\/?s={search_term_string}\"},\"query-input\":{\"@type\":\"PropertyValueSpecification\",\"valueRequired\":true,\"valueName\":\"search_term_string\"}}],\"inLanguage\":\"en-US\"}]}<\/script>\n<!-- \/ Yoast SEO plugin. -->","yoast_head_json":{"title":"Qu\u00e9 hacemos - Arts in Health International Foundation","robots":{"index":"index","follow":"follow","max-snippet":"max-snippet:-1","max-image-preview":"max-image-preview:large","max-video-preview":"max-video-preview:-1"},"canonical":"https:\/\/artsinhealthfoundation.org\/ext\/que-hacemos\/","og_locale":"en_US","og_type":"article","og_title":"Qu\u00e9 hacemos - Arts in Health International Foundation","og_description":"La IAiHF tiene 3 l\u00edneas de acci\u00f3n principales: PROMOCI\u00d3N Asentar la artes in health como estrategia innovadora para la obtenci\u00f3n &hellip;","og_url":"https:\/\/artsinhealthfoundation.org\/ext\/que-hacemos\/","og_site_name":"Arts in Health International Foundation","twitter_card":"summary_large_image","twitter_misc":{"Est. reading time":"2 minutes"},"schema":{"@context":"https:\/\/schema.org","@graph":[{"@type":"WebPage","@id":"https:\/\/artsinhealthfoundation.org\/ext\/que-hacemos\/","url":"https:\/\/artsinhealthfoundation.org\/ext\/que-hacemos\/","name":"Qu\u00e9 hacemos - Arts in Health International Foundation","isPartOf":{"@id":"https:\/\/artsinhealthfoundation.org\/ext\/#website"},"primaryImageOfPage":{"@id":"https:\/\/artsinhealthfoundation.org\/ext\/que-hacemos\/#primaryimage"},"image":{"@id":"https:\/\/artsinhealthfoundation.org\/ext\/que-hacemos\/#primaryimage"},"thumbnailUrl":"","datePublished":"2019-07-21T18:44:10+00:00","breadcrumb":{"@id":"https:\/\/artsinhealthfoundation.org\/ext\/que-hacemos\/#breadcrumb"},"inLanguage":"en-US","potentialAction":[{"@type":"ReadAction","target":["https:\/\/artsinhealthfoundation.org\/ext\/que-hacemos\/"]}]},{"@type":"ImageObject","inLanguage":"en-US","@id":"https:\/\/artsinhealthfoundation.org\/ext\/que-hacemos\/#primaryimage","url":"","contentUrl":""},{"@type":"BreadcrumbList","@id":"https:\/\/artsinhealthfoundation.org\/ext\/que-hacemos\/#breadcrumb","itemListElement":[{"@type":"ListItem","position":1,"name":"Home","item":"https:\/\/artsinhealthfoundation.org\/ext\/"},{"@type":"ListItem","position":2,"name":"Qu\u00e9 hacemos"}]},{"@type":"WebSite","@id":"https:\/\/artsinhealthfoundation.org\/ext\/#website","url":"https:\/\/artsinhealthfoundation.org\/ext\/","name":"Arts in Health International Foundation","description":"Arts in Health International Foundation","potentialAction":[{"@type":"SearchAction","target":{"@type":"EntryPoint","urlTemplate":"https:\/\/artsinhealthfoundation.org\/ext\/?s={search_term_string}"},"query-input":{"@type":"PropertyValueSpecification","valueRequired":true,"valueName":"search_term_string"}}],"inLanguage":"en-US"}]}},"jetpack_sharing_enabled":true,"_links":{"self":[{"href":"https:\/\/artsinhealthfoundation.org\/ext\/wp-json\/wp\/v2\/pages\/383","targetHints":{"allow":["GET"]}}],"collection":[{"href":"https:\/\/artsinhealthfoundation.org\/ext\/wp-json\/wp\/v2\/pages"}],"about":[{"href":"https:\/\/artsinhealthfoundation.org\/ext\/wp-json\/wp\/v2\/types\/page"}],"author":[{"embeddable":true,"href":"https:\/\/artsinhealthfoundation.org\/ext\/wp-json\/wp\/v2\/users\/1"}],"replies":[{"embeddable":true,"href":"https:\/\/artsinhealthfoundation.org\/ext\/wp-json\/wp\/v2\/comments?post=383"}],"version-history":[{"count":0,"href":"https:\/\/artsinhealthfoundation.org\/ext\/wp-json\/wp\/v2\/pages\/383\/revisions"}],"wp:featuredmedia":[{"embeddable":true,"href":"https:\/\/artsinhealthfoundation.org\/ext\/wp-json\/"}],"wp:attachment":[{"href":"https:\/\/artsinhealthfoundation.org\/ext\/wp-json\/wp\/v2\/media?parent=383"}],"curies":[{"name":"wp","href":"https:\/\/api.w.org\/{rel}","templated":true}]}}