{"id":619,"date":"2019-09-13T12:26:52","date_gmt":"2019-09-13T10:26:52","guid":{"rendered":"http:\/\/artsinhealthfoundation.org\/web\/?page_id=619"},"modified":"2019-09-13T12:26:52","modified_gmt":"2019-09-13T10:26:52","slug":"artes-en-salut-arts-in-health","status":"publish","type":"page","link":"https:\/\/artsinhealthfoundation.org\/ext\/artes-en-salut-arts-in-health\/","title":{"rendered":"Las Artes en la Salud (Arts in Health)"},"content":{"rendered":"<p>En las \u00faltimas d\u00e9cadas el sector salud ha explorado intensamente las contribuciones de las Artes en el tratamiento de las enfermedades y en las intervenciones de prevenci\u00f3n y promoci\u00f3n de la salud.<\/p>\n<p>Este inter\u00e9s parte de la visi\u00f3n hol\u00edstica y biopsicosocial que fue impulsada por la OMS con una definici\u00f3n que se ha convertido paradigm\u00e1tica: &#8220;Salud es un estado de bienestar f\u00edsico completo, mental y social, y no solamente la ausencia de afecciones o enfermedades &#8220;.<\/p>\n<p>Entendemos la disciplina de las Artes en la salud (Arts in Health) como un abanico muy amplio de actividades que el sector art\u00edstico y el entorno comunitario ponen a disposici\u00f3n de los profesionales de la salud a la hora de abordar una patolog\u00eda concreta: ya sean como intervenciones en un plan terap\u00e9utico o en sus actividades de prevenci\u00f3n y promoci\u00f3n de la salud de una poblaci\u00f3n.<\/p>\n<hr \/>\n<p>Para conocer el estado de la cuesti\u00f3n del \u00e1mbito de las Artes en Salud (Arts in Health) recomendamos este recurso de la Organizaci\u00f3n Mundial de la Salud (OMS):<\/p>\n<p><strong><em><a href=\"https:\/\/www.euro.who.int\/en\/publications\/abstracts\/what-is-the-evidence-on-the-role-of-the-arts-in-improving-health-and-well-being-a-scoping-review-2019\" target=\"_blank\" rel=\"noopener\"><img data-recalc-dims=\"1\" loading=\"lazy\" decoding=\"async\" class=\"alignleft wp-image-621 size-medium\" src=\"https:\/\/i0.wp.com\/artsinhealthfoundation.org\/web\/wp-content\/uploads\/2020\/11\/evidence_arts_in_health_who-1-300x163.png?resize=300%2C163\" alt=\"\" width=\"300\" height=\"163\" \/><\/a>What is the evidence on the role of the arts in improving health and well-being? A scoping review<\/em>\u00a0<\/strong><br \/>\nDaisy Fancourt, Saoirse Finn<br \/>\nHealth Evidence Network synthesis report 67, 2019<br \/>\nWorld Health Organization<\/p>\n<p><a href=\"http:\/\/www.euro.who.int\/en\/publications\/abstracts\/what-is-the-evidence-on-the-role-of-the-arts-in-improving-health-and-well-being-a-scoping-review-2019\">enlace al documento y PDF descargable<\/a><\/p>\n<p>Para una revisi\u00f3n cr\u00edtica del Report, pod\u00e9is consultar Clift, Stephen. (2020). Fancourt, D. and Finn, S. (2019) What is the evidence on the role of the arts in improving health and well-being? A scoping review.\u00abNordic Journal of Arts, Culture and Health\u00bb. Vol. 2. No. 1 p. 77-83\u00a0 [<a href=\"https:\/\/www.idunn.no\/nordic_journal_of_arts_culture_and_health\/2020\/01\/fancourt_d_and_finn_s_2019_what_is_the_evidence_on_t\" target=\"_blank\" rel=\"noopener\">enlace<\/a>]<\/p>\n<hr \/>\n<p>&nbsp;<\/p>\n<pre><strong>M\u00e1s<\/strong> recursos:\n\n<a href=\"http:\/\/artsinhealthfoundation.org\/web\/arts-i-salut\/conceptes-principals\/\">Conceptos<\/a><a href=\"http:\/\/artsinhealthfoundation.org\/web\/arts-i-salut\/conceptes-principals\/\"> Principales<\/a>\n\n<a href=\"http:\/\/artsinhealthfoundation.org\/web\/arts-i-salut\/taxonomia-dintervencions\/\">Arts in Health: taxonom\u00eda de intervenciones<\/a>\n\n<a href=\"https:\/\/www.artshealthresources.org.uk\/\" target=\"_blank\" rel=\"noopener\">Repository for Arts and Health Resource<\/a>\nSidney De Haan Research Centre for Arts and Health (UK)<\/pre>\n","protected":false},"excerpt":{"rendered":"<p>En las \u00faltimas d\u00e9cadas el sector salud ha explorado intensamente las contribuciones de las Artes en el tratamiento de las &hellip; <\/p>\n","protected":false},"author":1,"featured_media":400,"parent":0,"menu_order":1,"comment_status":"closed","ping_status":"closed","template":"","meta":{"nf_dc_page":"","om_disable_all_campaigns":false,"footnotes":""},"class_list":["post-619","page","type-page","status-publish","has-post-thumbnail","hentry"],"yoast_head":"<!-- This site is optimized with the Yoast SEO plugin v27.5 - https:\/\/yoast.com\/product\/yoast-seo-wordpress\/ -->\n<title>Las Artes en la Salud (Arts in Health) - Arts in Health International Foundation<\/title>\n<meta name=\"robots\" content=\"index, follow, max-snippet:-1, max-image-preview:large, max-video-preview:-1\" \/>\n<link rel=\"canonical\" href=\"https:\/\/artsinhealthfoundation.org\/ext\/artes-en-salut-arts-in-health\/\" \/>\n<meta property=\"og:locale\" content=\"en_US\" \/>\n<meta property=\"og:type\" content=\"article\" \/>\n<meta property=\"og:title\" content=\"Las Artes en la Salud (Arts in Health) - Arts in Health International Foundation\" \/>\n<meta property=\"og:description\" content=\"En las \u00faltimas d\u00e9cadas el sector salud ha explorado intensamente las contribuciones de las Artes en el tratamiento de las &hellip;\" \/>\n<meta property=\"og:url\" content=\"https:\/\/artsinhealthfoundation.org\/ext\/artes-en-salut-arts-in-health\/\" \/>\n<meta property=\"og:site_name\" content=\"Arts in Health International Foundation\" \/>\n<meta name=\"twitter:card\" content=\"summary_large_image\" \/>\n<meta name=\"twitter:label1\" content=\"Est. reading time\" \/>\n\t<meta name=\"twitter:data1\" content=\"2 minutes\" \/>\n<script type=\"application\/ld+json\" class=\"yoast-schema-graph\">{\"@context\":\"https:\\\/\\\/schema.org\",\"@graph\":[{\"@type\":\"WebPage\",\"@id\":\"https:\\\/\\\/artsinhealthfoundation.org\\\/ext\\\/artes-en-salut-arts-in-health\\\/\",\"url\":\"https:\\\/\\\/artsinhealthfoundation.org\\\/ext\\\/artes-en-salut-arts-in-health\\\/\",\"name\":\"Las Artes en la Salud (Arts in Health) - Arts in Health International Foundation\",\"isPartOf\":{\"@id\":\"https:\\\/\\\/artsinhealthfoundation.org\\\/ext\\\/#website\"},\"primaryImageOfPage\":{\"@id\":\"https:\\\/\\\/artsinhealthfoundation.org\\\/ext\\\/artes-en-salut-arts-in-health\\\/#primaryimage\"},\"image\":{\"@id\":\"https:\\\/\\\/artsinhealthfoundation.org\\\/ext\\\/artes-en-salut-arts-in-health\\\/#primaryimage\"},\"thumbnailUrl\":\"\",\"datePublished\":\"2019-09-13T10:26:52+00:00\",\"breadcrumb\":{\"@id\":\"https:\\\/\\\/artsinhealthfoundation.org\\\/ext\\\/artes-en-salut-arts-in-health\\\/#breadcrumb\"},\"inLanguage\":\"en-US\",\"potentialAction\":[{\"@type\":\"ReadAction\",\"target\":[\"https:\\\/\\\/artsinhealthfoundation.org\\\/ext\\\/artes-en-salut-arts-in-health\\\/\"]}]},{\"@type\":\"ImageObject\",\"inLanguage\":\"en-US\",\"@id\":\"https:\\\/\\\/artsinhealthfoundation.org\\\/ext\\\/artes-en-salut-arts-in-health\\\/#primaryimage\",\"url\":\"\",\"contentUrl\":\"\"},{\"@type\":\"BreadcrumbList\",\"@id\":\"https:\\\/\\\/artsinhealthfoundation.org\\\/ext\\\/artes-en-salut-arts-in-health\\\/#breadcrumb\",\"itemListElement\":[{\"@type\":\"ListItem\",\"position\":1,\"name\":\"Home\",\"item\":\"https:\\\/\\\/artsinhealthfoundation.org\\\/ext\\\/\"},{\"@type\":\"ListItem\",\"position\":2,\"name\":\"Las Artes en la Salud (Arts in Health)\"}]},{\"@type\":\"WebSite\",\"@id\":\"https:\\\/\\\/artsinhealthfoundation.org\\\/ext\\\/#website\",\"url\":\"https:\\\/\\\/artsinhealthfoundation.org\\\/ext\\\/\",\"name\":\"Arts in Health International Foundation\",\"description\":\"Arts in Health International Foundation\",\"potentialAction\":[{\"@type\":\"SearchAction\",\"target\":{\"@type\":\"EntryPoint\",\"urlTemplate\":\"https:\\\/\\\/artsinhealthfoundation.org\\\/ext\\\/?s={search_term_string}\"},\"query-input\":{\"@type\":\"PropertyValueSpecification\",\"valueRequired\":true,\"valueName\":\"search_term_string\"}}],\"inLanguage\":\"en-US\"}]}<\/script>\n<!-- \/ Yoast SEO plugin. -->","yoast_head_json":{"title":"Las Artes en la Salud (Arts in Health) - Arts in Health International Foundation","robots":{"index":"index","follow":"follow","max-snippet":"max-snippet:-1","max-image-preview":"max-image-preview:large","max-video-preview":"max-video-preview:-1"},"canonical":"https:\/\/artsinhealthfoundation.org\/ext\/artes-en-salut-arts-in-health\/","og_locale":"en_US","og_type":"article","og_title":"Las Artes en la Salud (Arts in Health) - Arts in Health International Foundation","og_description":"En las \u00faltimas d\u00e9cadas el sector salud ha explorado intensamente las contribuciones de las Artes en el tratamiento de las &hellip;","og_url":"https:\/\/artsinhealthfoundation.org\/ext\/artes-en-salut-arts-in-health\/","og_site_name":"Arts in Health International Foundation","twitter_card":"summary_large_image","twitter_misc":{"Est. reading time":"2 minutes"},"schema":{"@context":"https:\/\/schema.org","@graph":[{"@type":"WebPage","@id":"https:\/\/artsinhealthfoundation.org\/ext\/artes-en-salut-arts-in-health\/","url":"https:\/\/artsinhealthfoundation.org\/ext\/artes-en-salut-arts-in-health\/","name":"Las Artes en la Salud (Arts in Health) - Arts in Health International Foundation","isPartOf":{"@id":"https:\/\/artsinhealthfoundation.org\/ext\/#website"},"primaryImageOfPage":{"@id":"https:\/\/artsinhealthfoundation.org\/ext\/artes-en-salut-arts-in-health\/#primaryimage"},"image":{"@id":"https:\/\/artsinhealthfoundation.org\/ext\/artes-en-salut-arts-in-health\/#primaryimage"},"thumbnailUrl":"","datePublished":"2019-09-13T10:26:52+00:00","breadcrumb":{"@id":"https:\/\/artsinhealthfoundation.org\/ext\/artes-en-salut-arts-in-health\/#breadcrumb"},"inLanguage":"en-US","potentialAction":[{"@type":"ReadAction","target":["https:\/\/artsinhealthfoundation.org\/ext\/artes-en-salut-arts-in-health\/"]}]},{"@type":"ImageObject","inLanguage":"en-US","@id":"https:\/\/artsinhealthfoundation.org\/ext\/artes-en-salut-arts-in-health\/#primaryimage","url":"","contentUrl":""},{"@type":"BreadcrumbList","@id":"https:\/\/artsinhealthfoundation.org\/ext\/artes-en-salut-arts-in-health\/#breadcrumb","itemListElement":[{"@type":"ListItem","position":1,"name":"Home","item":"https:\/\/artsinhealthfoundation.org\/ext\/"},{"@type":"ListItem","position":2,"name":"Las Artes en la Salud (Arts in Health)"}]},{"@type":"WebSite","@id":"https:\/\/artsinhealthfoundation.org\/ext\/#website","url":"https:\/\/artsinhealthfoundation.org\/ext\/","name":"Arts in Health International Foundation","description":"Arts in Health International Foundation","potentialAction":[{"@type":"SearchAction","target":{"@type":"EntryPoint","urlTemplate":"https:\/\/artsinhealthfoundation.org\/ext\/?s={search_term_string}"},"query-input":{"@type":"PropertyValueSpecification","valueRequired":true,"valueName":"search_term_string"}}],"inLanguage":"en-US"}]}},"jetpack_sharing_enabled":true,"_links":{"self":[{"href":"https:\/\/artsinhealthfoundation.org\/ext\/wp-json\/wp\/v2\/pages\/619","targetHints":{"allow":["GET"]}}],"collection":[{"href":"https:\/\/artsinhealthfoundation.org\/ext\/wp-json\/wp\/v2\/pages"}],"about":[{"href":"https:\/\/artsinhealthfoundation.org\/ext\/wp-json\/wp\/v2\/types\/page"}],"author":[{"embeddable":true,"href":"https:\/\/artsinhealthfoundation.org\/ext\/wp-json\/wp\/v2\/users\/1"}],"replies":[{"embeddable":true,"href":"https:\/\/artsinhealthfoundation.org\/ext\/wp-json\/wp\/v2\/comments?post=619"}],"version-history":[{"count":0,"href":"https:\/\/artsinhealthfoundation.org\/ext\/wp-json\/wp\/v2\/pages\/619\/revisions"}],"wp:featuredmedia":[{"embeddable":true,"href":"https:\/\/artsinhealthfoundation.org\/ext\/wp-json\/"}],"wp:attachment":[{"href":"https:\/\/artsinhealthfoundation.org\/ext\/wp-json\/wp\/v2\/media?parent=619"}],"curies":[{"name":"wp","href":"https:\/\/api.w.org\/{rel}","templated":true}]}}