{"id":359,"date":"2018-09-15T11:11:49","date_gmt":"2018-09-15T09:11:49","guid":{"rendered":"http:\/\/artsinhealthfoundation.org\/web\/?page_id=359"},"modified":"2024-02-22T18:36:53","modified_gmt":"2024-02-22T16:36:53","slug":"qui-som-2","status":"publish","type":"page","link":"https:\/\/artsinhealthfoundation.org\/web\/qui-som-2\/","title":{"rendered":"Qui som"},"content":{"rendered":"<p>La Fundaci\u00f3 Arts in Health International Foundation (AiHIF) es funda a Barcelona l\u2019any 2018 per part d\u2019un reconegut grup de professionals dels \u00e0mbits de la salut i la cultura interessats en posar en valor el potencial de les arts en la millora de la salut de les persones i les societats.<\/p>\n<p>La AiHIF neix amb una clara voluntat internacional, per tal d\u2019esdevenir un punt de trobada de les diferents experi\u00e8ncies i aproximacions de les Arts en la salut d\u2019arreu del m\u00f3n; Amb l\u2019ambici\u00f3 de convertir-nos en un dels principals referents mundials en l\u2018\u00e0mbit de l\u2019Arts in Health tot contribuint decisivament en la seva expansi\u00f3 i consolidaci\u00f3 dins de les pol\u00edtiques de salut, benestar i cultura.<\/p>\n<hr \/>\n<p style=\"text-align: center;\"><strong><span style=\"color: #000080;\">Valors de la Fundaci\u00f3 Arts in Health International Foundation\u00a0<\/span><\/strong><\/p>\n<blockquote><p>Interdisciplinarietat (salut, cultura, benestar)<br \/>\nRigor, evid\u00e8ncia i qualitat<br \/>\nVocaci\u00f3 internacional<br \/>\nAgent de canvi i Progr\u00e9s social<\/p><\/blockquote>\n<hr \/>\n<p><strong><span style=\"color: #000080;\">Patronat de la Fundaci\u00f3<\/span><\/strong><\/p>\n<p>Segons l\u2019article 332-10.1 del Codi civil de Catalunya &#8220;els patrons no poden ser retribu\u00efts en cap cas per ra\u00f3 del seu c\u00e0rrec de patr\u00f3&#8221;. Cap membre del Patronat de la AiHIF perceb cap tipus de retribuci\u00f3 per la seva dedicaci\u00f3 a l&#8217;entitat.<\/p>\n<p>&nbsp;<\/p>\n<p><span style=\"color: #000000;\"><span lang=\"CA\" style=\"margin: 0px; font-family: 'Times New Roman',serif;\">\u2013<span style=\"font: 7pt 'Times New Roman'; margin: 0px; font-size-adjust: none; font-stretch: normal;\">\u00a0\u00a0\u00a0\u00a0\u00a0\u00a0\u00a0\u00a0 <\/span><\/span><span lang=\"CA\"><span style=\"font-family: Calibri;\"><strong>David Elvira<\/strong>, Patr\u00f3 i President de la Fundaci\u00f3\u00a0 <a href=\"https:\/\/www.linkedin.com\/in\/david-elvira-6722482b\/\" target=\"_blank\" rel=\"noopener\">bio<\/a><\/span><\/span><\/span><\/p>\n<p><span style=\"color: #000000;\"><span lang=\"CA\" style=\"margin: 0px; font-family: 'Times New Roman',serif;\">\u2013<span style=\"font: 7pt 'Times New Roman'; margin: 0px; font-size-adjust: none; font-stretch: normal;\">\u00a0\u00a0\u00a0\u00a0\u00a0\u00a0\u00a0\u00a0 <\/span><\/span><span lang=\"CA\"><span style=\"font-family: Calibri;\"><strong>Jordi Sellas<\/strong>, Patr\u00f3 i Vice-President\u00a0de la Fundaci\u00f3\u00a0<a href=\"https:\/\/www.linkedin.com\/in\/jordisellas\/\" target=\"_blank\" rel=\"noopener\">bio<\/a><b><\/b><\/span><\/span><\/span><\/p>\n<p><span style=\"color: #000000;\"><span lang=\"CA\" style=\"margin: 0px; font-family: 'Times New Roman',serif;\">\u2013<span style=\"font: 7pt 'Times New Roman'; margin: 0px; font-size-adjust: none; font-stretch: normal;\">\u00a0\u00a0\u00a0\u00a0\u00a0\u00a0\u00a0\u00a0 <\/span><\/span><span lang=\"CA\"><span style=\"font-family: Calibri;\"><strong>Cristina Dom\u00e8nech<\/strong>, Patrona\u00a0 <a href=\"https:\/\/www.linkedin.com\/in\/cdomenechv\/\" target=\"_blank\" rel=\"noopener\">bio<\/a><\/span><\/span><\/span><\/p>\n<p><span style=\"color: #000000;\"><span lang=\"CA\" style=\"margin: 0px; font-family: 'Times New Roman',serif;\">\u2013<span style=\"font: 7pt 'Times New Roman'; margin: 0px; font-size-adjust: none; font-stretch: normal;\">\u00a0\u00a0\u00a0\u00a0\u00a0\u00a0\u00a0\u00a0 <\/span><\/span><span lang=\"CA\"><span style=\"font-family: Calibri;\"><strong>Cristina Nadal<\/strong>, Patrona\u00a0\u00a0<a href=\"https:\/\/www.linkedin.com\/in\/cristina-nadal-sanmartin-35848990\/?lipi=urn%3Ali%3Apage%3Ad_flagship3_search_srp_top%3B3Bk1ao%2BnR%2BKw6RHzgisvKA%3D%3D&amp;licu=urn%3Ali%3Acontrol%3Ad_flagship3_search_srp_top-search_srp_result&amp;lici=fR0fbaFITlKUPYn8Zaa%2FQg%3D%3D\" target=\"_blank\" rel=\"noopener\">bio<\/a><\/span><\/span><\/span><\/p>\n<p><span style=\"color: #000000;\"><span lang=\"CA\" style=\"margin: 0px; font-family: 'Times New Roman',serif;\">\u2013<span style=\"font: 7pt 'Times New Roman'; margin: 0px; font-size-adjust: none; font-stretch: normal;\">\u00a0\u00a0\u00a0\u00a0\u00a0\u00a0\u00a0\u00a0 <\/span><\/span><span lang=\"CA\"><span style=\"font-family: Calibri;\"><strong>Jordi Blanch<\/strong>, Patr\u00f3\u00a0\u00a0<a href=\"https:\/\/www.linkedin.com\/in\/jordi-blanch-andreu-06341831\/\" target=\"_blank\" rel=\"noopener\">bio<\/a><\/span><\/span><\/span><\/p>\n<p><span style=\"color: #000000;\"><span lang=\"CA\" style=\"margin: 0px; font-family: 'Times New Roman',serif;\">\u2013<span style=\"font: 7pt 'Times New Roman'; margin: 0px; font-size-adjust: none; font-stretch: normal;\">\u00a0 \u00a0 \u00a0 \u00a0 <\/span><\/span><span lang=\"CA\"><span style=\"font-family: Calibri;\"><strong>Guillem d&#8217;Efak Fullana<\/strong>, Patr\u00f3\u00a0<a href=\"https:\/\/www.linkedin.com\/in\/guillemdefak\/\" target=\"_blank\" rel=\"noopener\">bio<\/a><\/span><\/span><\/span><\/p>\n<p><span style=\"color: #000000;\"><span lang=\"CA\" style=\"margin: 0px; font-family: 'Times New Roman',serif;\">\u2013<span style=\"font: 7pt 'Times New Roman'; margin: 0px; font-size-adjust: none; font-stretch: normal;\">\u00a0\u00a0\u00a0\u00a0\u00a0\u00a0\u00a0\u00a0 <\/span><\/span><span lang=\"CA\"><span style=\"font-family: Calibri;\"><strong>Ferran Juli\u00e0<\/strong>, Patr\u00f3 i Secretari de la Fundaci\u00f3\u00a0\u00a0<a href=\"https:\/\/www.linkedin.com\/in\/ferran-juli%C3%A0-moli-b247b940\/\" target=\"_blank\" rel=\"noopener\">bio<\/a><\/span><\/span><\/span><\/p>\n<p>&nbsp;<\/p>\n<p><strong><span style=\"color: #000080;\">Equip<\/span><\/strong><\/p>\n<p><span style=\"color: #000000;\"><span lang=\"CA\" style=\"margin: 0px; font-family: 'Times New Roman',serif;\">\u2013<span style=\"font: 7pt 'Times New Roman'; margin: 0px; font-size-adjust: none; font-stretch: normal;\">\u00a0 \u00a0 \u00a0 \u00a0 <\/span><\/span><span lang=\"CA\"><span style=\"font-family: Calibri;\"><strong>\u00cdngrid Campdelacreu<\/strong>, Responsable de Producci\u00f3 i gesti\u00f3 de projectes\u00a0<a href=\"https:\/\/www.linkedin.com\/in\/ingrid-campdelacreu-3b765a240\/\" target=\"_blank\" rel=\"noopener\">bio<\/a><\/span><\/span><\/span><\/p>\n<p><span style=\"color: #000000;\"><span lang=\"CA\" style=\"margin: 0px; font-family: 'Times New Roman',serif;\">\u2013<span style=\"font: 7pt 'Times New Roman'; margin: 0px; font-size-adjust: none; font-stretch: normal;\">\u00a0 \u00a0 \u00a0 \u00a0 <\/span><\/span><span lang=\"CA\"><span style=\"font-family: Calibri;\"><strong>Marina Castill\u00f3n<\/strong>, Xarxes i Comunitat\u00a0<a href=\"https:\/\/www.linkedin.com\/in\/marinacastillon\/\" target=\"_blank\" rel=\"noopener\">bio<\/a><\/span><\/span><\/span><\/p>\n<p><span style=\"color: #000000;\"><span lang=\"CA\"><span style=\"font-family: Calibri;\"><strong><span lang=\"CA\" style=\"margin: 0px; font-family: 'Times New Roman',serif;\">\u2013<span style=\"font: 7pt 'Times New Roman'; margin: 0px; font-size-adjust: none; font-stretch: normal;\">\u00a0 \u00a0 \u00a0 \u00a0 <\/span><\/span>Mar Novell<\/strong>, Premsa i Comunicaci\u00f3\u00a0<a href=\"https:\/\/www.instagram.com\/mnovellpuig\/\" target=\"_blank\" rel=\"noopener\">bio<\/a><\/span><\/span><\/span><\/p>\n<p>&nbsp;<\/p>\n<hr \/>\n<p><!-- Begin Mailchimp Signup Form --><\/p>\n<style type=\"text\/css\">\n\t#mc_embed_signup{background:#fff; clear:left; font:14px Helvetica,Arial,sans-serif; width:100%;}<br \/>\t\/* Add your own Mailchimp form style overrides in your site stylesheet or in this style block.<br \/>\t   We recommend moving this block and the preceding CSS link to the HEAD of your HTML file. *\/<br \/><\/style>\n<div id=\"mc_embed_signup\">\n<form id=\"mc-embedded-subscribe-form\" class=\"validate\" action=\"https:\/\/mailchi.mp\/9033ee2dfb9e\/newsletter\" method=\"post\" name=\"mc-embedded-subscribe-form\" novalidate=\"\" target=\"_blank\">\n<div id=\"mc_embed_signup_scroll\"><label for=\"mce-EMAIL\">Newsletter<\/label><br \/>\n<input id=\"mce-EMAIL\" class=\"email\" name=\"EMAIL\" required=\"\" type=\"email\" value=\"\" placeholder=\"email address\" \/><br \/>\n<!-- real people should not fill this in and expect good things - do not remove this or risk form bot signups--><\/p>\n<div style=\"position: absolute; left: -5000px;\" aria-hidden=\"true\"><input tabindex=\"-1\" name=\"b_3c8bfe2a17bac029410fc1225_b46c6fb6bf\" type=\"text\" value=\"\" \/><\/div>\n<div class=\"clear foot\"><input id=\"mc-embedded-subscribe\" class=\"button\" name=\"subscribe\" type=\"submit\" value=\"Subscribe\" \/><\/div>\n<p>&nbsp;<\/p>\n<\/div>\n<\/form>\n<\/div>\n","protected":false},"excerpt":{"rendered":"<p>La Fundaci\u00f3 Arts in Health International Foundation (AiHIF) es funda a Barcelona l\u2019any 2018 per part d\u2019un reconegut grup de&hellip;<\/p>\n","protected":false},"author":1,"featured_media":396,"parent":0,"menu_order":2,"comment_status":"closed","ping_status":"closed","template":"","meta":{"footnotes":""},"class_list":["post-359","page","type-page","status-publish","has-post-thumbnail","hentry"],"_links":{"self":[{"href":"https:\/\/artsinhealthfoundation.org\/web\/wp-json\/wp\/v2\/pages\/359","targetHints":{"allow":["GET"]}}],"collection":[{"href":"https:\/\/artsinhealthfoundation.org\/web\/wp-json\/wp\/v2\/pages"}],"about":[{"href":"https:\/\/artsinhealthfoundation.org\/web\/wp-json\/wp\/v2\/types\/page"}],"author":[{"embeddable":true,"href":"https:\/\/artsinhealthfoundation.org\/web\/wp-json\/wp\/v2\/users\/1"}],"replies":[{"embeddable":true,"href":"https:\/\/artsinhealthfoundation.org\/web\/wp-json\/wp\/v2\/comments?post=359"}],"version-history":[{"count":40,"href":"https:\/\/artsinhealthfoundation.org\/web\/wp-json\/wp\/v2\/pages\/359\/revisions"}],"predecessor-version":[{"id":1112,"href":"https:\/\/artsinhealthfoundation.org\/web\/wp-json\/wp\/v2\/pages\/359\/revisions\/1112"}],"wp:featuredmedia":[{"embeddable":true,"href":"https:\/\/artsinhealthfoundation.org\/web\/wp-json\/wp\/v2\/media\/396"}],"wp:attachment":[{"href":"https:\/\/artsinhealthfoundation.org\/web\/wp-json\/wp\/v2\/media?parent=359"}],"curies":[{"name":"wp","href":"https:\/\/api.w.org\/{rel}","templated":true}]}}