{"id":377,"date":"2019-07-21T20:44:10","date_gmt":"2019-07-21T18:44:10","guid":{"rendered":"http:\/\/artsinhealthfoundation.org\/web\/?page_id=377"},"modified":"2022-01-23T13:25:48","modified_gmt":"2022-01-23T11:25:48","slug":"que-fem","status":"publish","type":"page","link":"https:\/\/artsinhealthfoundation.org\/web\/que-fem\/","title":{"rendered":"Qu\u00e8 fem"},"content":{"rendered":"<p>La IAiHF t\u00e9 <strong>3 l\u00ednies d&#8217;acci\u00f3 principals<\/strong>:<\/p>\n<hr \/>\n<h3><strong>PROMOCI\u00d3<\/strong><\/h3>\n<p><strong>Assentar l\u2019arts in health com estrat\u00e8gia innovadora per a l\u2019obtenci\u00f3 de resultats en salut i benestar <\/strong><\/p>\n<ul>\n<li>Difondre entre els decisors p\u00fablic, la rellev\u00e0ncia de l\u2019Arts in Health en la definici\u00f3 de les pol\u00edtiques i en el disseny de serveis de salut.<\/li>\n<li>Incentivar els partenariats intersectorials, de car\u00e0cter p\u00fablic, privat i amb el tercer sector, per tal de promocionar la definici\u00f3, implantaci\u00f3 i\/o avaluaci\u00f3 de programes d\u2019arts en la salut, tant a nivell local com global.<\/li>\n<li>Generar coneixement, an\u00e0lisi i posicionament t\u00e8cnic respecte al potencial d\u2019interacci\u00f3 dels sectors de les arts i la salut.<\/li>\n<li>Mantenir un di\u00e0leg constant amb entitats del Tercer sector, agents socials, grups d\u2019inter\u00e8s, i altres col\u00b7lectius rellevants per les Arts in Health.<\/li>\n<\/ul>\n<hr \/>\n<h3><strong>EVID\u00c8NCIA i QUALITAT<\/strong><\/h3>\n<p><strong>Fomentar l\u2019evid\u00e8ncia cient\u00edfica, la qualitat i el rigor metodol\u00f2gic en l\u2019arts in health<\/strong><\/p>\n<ul>\n<li>Impulsar criteris metodol\u00f2gics robusts que facilitin el desenvolupament de projectes i intervencions d\u2019Arts in Health sota principis de rigor cient\u00edfic, impacte i avaluabilitat.<\/li>\n<li>Desenvolupar estandards de qualitat per a institucions involucrades en activitats d\u2019Arts in Health (sistemes de certificaci\u00f3 i acreditaci\u00f3).<\/li>\n<li>Promoure la recerca en l\u2019Arts in Health amb l\u2019objectiu de desenvolupar projectes acad\u00e8mics i de recerca que contribueixin a eixamplar el corpus d\u2019evid\u00e8ncia cl\u00ednica en la salut i benestar en intervencions d\u2019Arts in Health.<\/li>\n<li>Construir aliances per a la creaci\u00f3 d\u2019una oferta formativa per als diferents nivells del sistema educatiu: grau, postgrau, de formaci\u00f3 continuada i de capacitaci\u00f3 professional.<\/li>\n<\/ul>\n<hr \/>\n<h3><strong>PROJECTES i IMPACTE<\/strong><\/h3>\n<p><strong>Promoure l\u2019execuci\u00f3 de projectes arts in health a escala nacional i internacional <\/strong><\/p>\n<ul>\n<li>Creaci\u00f3 d\u2019un banc de bones pr\u00e0ctiques internacional que fomenti l\u2019intercanvi d\u2019experi\u00e8ncies i cre\u00ef vincles entre professionals.<\/li>\n<li>Promoci\u00f3 d\u2019un premi internacional que reconegui anualment les millors iniciatives en l\u2019\u00e0mbit de l\u2019Arts in Health.<\/li>\n<li>Assessorament en el disseny i gesti\u00f3 de programes d\u2019Arts in health<\/li>\n<li>Suport en la recerca de finan\u00e7ament de projectes d\u2019Arts in Health<\/li>\n<li>Suport en la sol\u00b7licitud, gesti\u00f3 i justificaci\u00f3 de projectes europeus i competititius.<\/li>\n<\/ul>\n<hr \/>\n<p><!-- Begin Mailchimp Signup Form --><\/p>\n<style type=\"text\/css\">\n\t#mc_embed_signup{background:#fff; clear:left; font:14px Helvetica,Arial,sans-serif; width:100%;}<br \/>\t\/* Add your own Mailchimp form style overrides in your site stylesheet or in this style block.<br \/>\t   We recommend moving this block and the preceding CSS link to the HEAD of your HTML file. *\/<br \/><\/style>\n<div id=\"mc_embed_signup\">\n<form id=\"mc-embedded-subscribe-form\" class=\"validate\" action=\"https:\/\/artsinhealthfoundation.us1.list-manage.com\/subscribe\/post?u=3c8bfe2a17bac029410fc1225&amp;id=b46c6fb6bf\" method=\"post\" name=\"mc-embedded-subscribe-form\" novalidate=\"\" target=\"_blank\">\n<div id=\"mc_embed_signup_scroll\"><label for=\"mce-EMAIL\">Newsletter<\/label><br \/>\n<input id=\"mce-EMAIL\" class=\"email\" name=\"EMAIL\" required=\"\" type=\"email\" value=\"\" placeholder=\"email address\" \/><br \/>\n<!-- real people should not fill this in and expect good things - do not remove this or risk form bot signups--><\/p>\n<div style=\"position: absolute; left: -5000px;\" aria-hidden=\"true\"><input tabindex=\"-1\" name=\"b_3c8bfe2a17bac029410fc1225_b46c6fb6bf\" type=\"text\" value=\"\" \/><\/div>\n<div class=\"clear foot\"><input id=\"mc-embedded-subscribe\" class=\"button\" name=\"subscribe\" type=\"submit\" value=\"Subscribe\" \/><\/div>\n<p>&nbsp;<\/p>\n<\/div>\n<\/form>\n<\/div>\n","protected":false},"excerpt":{"rendered":"<p>La IAiHF t\u00e9 3 l\u00ednies d&#8217;acci\u00f3 principals: PROMOCI\u00d3 Assentar l\u2019arts in health com estrat\u00e8gia innovadora per a l\u2019obtenci\u00f3 de resultats&hellip;<\/p>\n","protected":false},"author":1,"featured_media":553,"parent":0,"menu_order":3,"comment_status":"closed","ping_status":"closed","template":"","meta":{"footnotes":""},"class_list":["post-377","page","type-page","status-publish","has-post-thumbnail","hentry"],"_links":{"self":[{"href":"https:\/\/artsinhealthfoundation.org\/web\/wp-json\/wp\/v2\/pages\/377","targetHints":{"allow":["GET"]}}],"collection":[{"href":"https:\/\/artsinhealthfoundation.org\/web\/wp-json\/wp\/v2\/pages"}],"about":[{"href":"https:\/\/artsinhealthfoundation.org\/web\/wp-json\/wp\/v2\/types\/page"}],"author":[{"embeddable":true,"href":"https:\/\/artsinhealthfoundation.org\/web\/wp-json\/wp\/v2\/users\/1"}],"replies":[{"embeddable":true,"href":"https:\/\/artsinhealthfoundation.org\/web\/wp-json\/wp\/v2\/comments?post=377"}],"version-history":[{"count":18,"href":"https:\/\/artsinhealthfoundation.org\/web\/wp-json\/wp\/v2\/pages\/377\/revisions"}],"predecessor-version":[{"id":809,"href":"https:\/\/artsinhealthfoundation.org\/web\/wp-json\/wp\/v2\/pages\/377\/revisions\/809"}],"wp:featuredmedia":[{"embeddable":true,"href":"https:\/\/artsinhealthfoundation.org\/web\/wp-json\/wp\/v2\/media\/553"}],"wp:attachment":[{"href":"https:\/\/artsinhealthfoundation.org\/web\/wp-json\/wp\/v2\/media?parent=377"}],"curies":[{"name":"wp","href":"https:\/\/api.w.org\/{rel}","templated":true}]}}