{"id":383,"date":"2019-07-21T20:44:10","date_gmt":"2019-07-21T18:44:10","guid":{"rendered":"http:\/\/artsinhealthfoundation.org\/web\/?page_id=383"},"modified":"2022-01-23T13:26:13","modified_gmt":"2022-01-23T11:26:13","slug":"que-hacemos","status":"publish","type":"page","link":"https:\/\/artsinhealthfoundation.org\/web\/que-hacemos\/","title":{"rendered":"Qu\u00e9 hacemos"},"content":{"rendered":"<p><strong>La IAiHF tiene 3 l\u00edneas de acci\u00f3n principales<\/strong>:<\/p>\n<hr \/>\n<h3><strong>PROMOCI\u00d3N<\/strong><\/h3>\n<p><strong>Asentar la artes in health como estrategia innovadora para la obtenci\u00f3n de resultados en salud y bienestar<\/strong><\/p>\n<ul>\n<li>Difundir entre los decisores p\u00fablicos, la relevancia del Arts in Health en la definici\u00f3n de las pol\u00edticas y en el dise\u00f1o de servicios de salud.<\/li>\n<li>Incentivar los partenariados intersectoriales, de car\u00e1cter p\u00fablico, privado y con el tercer sector, con el fin de promocionar la definici\u00f3n, implantaci\u00f3n y \/ o evaluaci\u00f3n de programas de artes en la salud, tanto a nivel local como global.<\/li>\n<li>Generar conocimiento, an\u00e1lisis y posicionamiento t\u00e9cnico respecto al potencial de interacci\u00f3n de los sectores de las artes y la salud.<\/li>\n<li>Mantener un di\u00e1logo constante con entidades del Tercer sector, agentes sociales, grupos de inter\u00e9s, y otros colectivos relevantes para el Arts in Health.<\/li>\n<\/ul>\n<hr \/>\n<h3><strong>EVIDENCIA Y calidad<\/strong><\/h3>\n<p><strong>Fomentar la evidencia cient\u00edfica, la calidad y el rigor metodol\u00f3gico en el Arts in Health<\/strong><\/p>\n<ul>\n<li>Impulsar criterios metodol\u00f3gicos robustos que faciliten el desarrollo de proyectos e intervenciones de Artes in Health bajo principios de rigor cient\u00edfico, impacto y evaluabilidad.<\/li>\n<li>Desarrollar est\u00e1ndares de calidad para instituciones involucradas en actividades de Artes in Health (sistemas de certificaci\u00f3n y acreditaci\u00f3n).<\/li>\n<li>Promover la investigaci\u00f3n en el Arts in Health con el objetivo de desarrollar proyectos acad\u00e9micos y de investigaci\u00f3n que contribuyan a ampliar el corpus de evidencia cl\u00ednica en la salud y bienestar en intervenciones de Artes in Health.<\/li>\n<li>Construir alianzas para la creaci\u00f3n de una oferta formativa para los diferentes niveles del sistema educativo: grado, postgrado, de formaci\u00f3n continuada y de capacitaci\u00f3n profesional.<\/li>\n<\/ul>\n<hr \/>\n<h3><strong>proyectos e impacto<\/strong><\/h3>\n<p><strong>Promover la ejecuci\u00f3n de proyectos artes in health a escala nacional e internacional<\/strong><\/p>\n<ul>\n<li>Creaci\u00f3n de un banco de buenas pr\u00e1cticas internacional que fomente el intercambio de experiencias y cree v\u00ednculos entre profesionales.<\/li>\n<li>Promoci\u00f3n de un premio internacional que reconozca anualmente las mejores iniciativas en el \u00e1mbito de la Arts in Health.<\/li>\n<li>Asesoramiento en el dise\u00f1o y gesti\u00f3n de programas de Artes in health<\/li>\n<li>Apoyo en la b\u00fasqueda de financiaci\u00f3n de proyectos de Artes in Health<\/li>\n<li>Apoyo en la solicitud, gesti\u00f3n y justificaci\u00f3n de proyectos europeos y competitivos<\/li>\n<\/ul>\n<p>&nbsp;<\/p>\n<hr \/>\n<p><!-- Begin Mailchimp Signup Form --><\/p>\n<style type=\"text\/css\">\n\t#mc_embed_signup{background:#fff; clear:left; font:14px Helvetica,Arial,sans-serif; width:100%;}<br \/>\n\t\/* Add your own Mailchimp form style overrides in your site stylesheet or in this style block.<br \/>\n\t   We recommend moving this block and the preceding CSS link to the HEAD of your HTML file. *\/<br \/>\n<\/style>\n<div id=\"mc_embed_signup\">\n<form id=\"mc-embedded-subscribe-form\" class=\"validate\" action=\"https:\/\/artsinhealthfoundation.us1.list-manage.com\/subscribe\/post?u=3c8bfe2a17bac029410fc1225&amp;id=b46c6fb6bf\" method=\"post\" name=\"mc-embedded-subscribe-form\" novalidate=\"\" target=\"_blank\">\n<div id=\"mc_embed_signup_scroll\"><label for=\"mce-EMAIL\">Newsletter<\/label><br \/>\n<input id=\"mce-EMAIL\" class=\"email\" name=\"EMAIL\" required=\"\" type=\"email\" value=\"\" placeholder=\"email address\" \/><br \/>\n<!-- real people should not fill this in and expect good things - do not remove this or risk form bot signups--><\/p>\n<div style=\"position: absolute; left: -5000px;\" aria-hidden=\"true\"><input tabindex=\"-1\" name=\"b_3c8bfe2a17bac029410fc1225_b46c6fb6bf\" type=\"text\" value=\"\" \/><\/div>\n<div class=\"clear foot\"><input id=\"mc-embedded-subscribe\" class=\"button\" name=\"subscribe\" type=\"submit\" value=\"Subscribe\" \/><\/div>\n<p>&nbsp;<\/p>\n<\/div>\n<\/form>\n<\/div>\n","protected":false},"excerpt":{"rendered":"<p>La IAiHF tiene 3 l\u00edneas de acci\u00f3n principales: PROMOCI\u00d3N Asentar la artes in health como estrategia innovadora para la obtenci\u00f3n&hellip;<\/p>\n","protected":false},"author":1,"featured_media":553,"parent":0,"menu_order":3,"comment_status":"closed","ping_status":"closed","template":"","meta":{"footnotes":""},"class_list":["post-383","page","type-page","status-publish","has-post-thumbnail","hentry"],"_links":{"self":[{"href":"https:\/\/artsinhealthfoundation.org\/web\/wp-json\/wp\/v2\/pages\/383","targetHints":{"allow":["GET"]}}],"collection":[{"href":"https:\/\/artsinhealthfoundation.org\/web\/wp-json\/wp\/v2\/pages"}],"about":[{"href":"https:\/\/artsinhealthfoundation.org\/web\/wp-json\/wp\/v2\/types\/page"}],"author":[{"embeddable":true,"href":"https:\/\/artsinhealthfoundation.org\/web\/wp-json\/wp\/v2\/users\/1"}],"replies":[{"embeddable":true,"href":"https:\/\/artsinhealthfoundation.org\/web\/wp-json\/wp\/v2\/comments?post=383"}],"version-history":[{"count":6,"href":"https:\/\/artsinhealthfoundation.org\/web\/wp-json\/wp\/v2\/pages\/383\/revisions"}],"predecessor-version":[{"id":810,"href":"https:\/\/artsinhealthfoundation.org\/web\/wp-json\/wp\/v2\/pages\/383\/revisions\/810"}],"wp:featuredmedia":[{"embeddable":true,"href":"https:\/\/artsinhealthfoundation.org\/web\/wp-json\/wp\/v2\/media\/553"}],"wp:attachment":[{"href":"https:\/\/artsinhealthfoundation.org\/web\/wp-json\/wp\/v2\/media?parent=383"}],"curies":[{"name":"wp","href":"https:\/\/api.w.org\/{rel}","templated":true}]}}