{"id":747,"date":"2021-07-22T09:10:32","date_gmt":"2021-07-22T07:10:32","guid":{"rendered":"http:\/\/artsinhealthfoundation.org\/web\/?page_id=747"},"modified":"2023-03-08T09:16:23","modified_gmt":"2023-03-08T07:16:23","slug":"transparencia","status":"publish","type":"page","link":"https:\/\/artsinhealthfoundation.org\/web\/transparencia\/","title":{"rendered":"Transpar\u00e8ncia"},"content":{"rendered":"<p>En compliment de l\u2019Ordre JUS\/152\/2018, de 12 de setembre, per la qual s&#8217;estableix el nivell de subjecci\u00f3 de les fundacions i de les associacions declarades d&#8217;utilitat p\u00fablica als instruments de transpar\u00e8ncia establerts per la Llei 21\/2014, del 29 de desembre, del protectorat de les fundacions i de verificaci\u00f3 de l&#8217;activitat de les associacions declarades d&#8217;utilitat p\u00fablica i, d&#8217;altra banda, de la Llei 19\/2014, del 29 de desembre, de transpare\u0300ncia, acce\u0301s a la informacio\u0301 pu\u0301blica i bon govern (Llei 19\/2014), desenvolupada pel Decret 8\/2021, de 9 de febrer, en aquest apartat es poden consultar:<\/p>\n<ul>\n<li>Els\u00a0<a href=\"http:\/\/artsinhealthfoundation.org\/web\/wp-content\/uploads\/2021\/07\/TEXT-REFO%CC%81S-ESTATUTS-FAiHI_signed.pdf\" target=\"_blank\" rel=\"noopener\">Estatuts<\/a> de la Fundaci\u00f3 Arts in Health International Foundation<\/li>\n<li>Els <a href=\"http:\/\/artsinhealthfoundation.org\/web\/transparencia\/compte-anuals-2021-iah\/\" target=\"_blank\" rel=\"attachment noopener wp-att-982\">comptes anuals de l&#8217;any 2021<\/a><\/li>\n<li>Els <a href=\"http:\/\/artsinhealthfoundation.org\/web\/wp-content\/uploads\/2021\/07\/comptes_20_signed.pdf\" target=\"_blank\" rel=\"noopener\">comptes anuals de l&#8217;any 2020<\/a><\/li>\n<li>Els <a href=\"http:\/\/artsinhealthfoundation.org\/web\/wp-content\/uploads\/2021\/07\/comptes_20_signed.pdf\" target=\"_blank\" rel=\"noopener\">comptes anuals de l&#8217;any 2019<\/a><\/li>\n<\/ul>\n","protected":false},"excerpt":{"rendered":"<p>En compliment de l\u2019Ordre JUS\/152\/2018, de 12 de setembre, per la qual s&#8217;estableix el nivell de subjecci\u00f3 de les fundacions&hellip;<\/p>\n","protected":false},"author":1,"featured_media":0,"parent":0,"menu_order":0,"comment_status":"closed","ping_status":"closed","template":"","meta":{"footnotes":""},"class_list":["post-747","page","type-page","status-publish","hentry"],"_links":{"self":[{"href":"https:\/\/artsinhealthfoundation.org\/web\/wp-json\/wp\/v2\/pages\/747","targetHints":{"allow":["GET"]}}],"collection":[{"href":"https:\/\/artsinhealthfoundation.org\/web\/wp-json\/wp\/v2\/pages"}],"about":[{"href":"https:\/\/artsinhealthfoundation.org\/web\/wp-json\/wp\/v2\/types\/page"}],"author":[{"embeddable":true,"href":"https:\/\/artsinhealthfoundation.org\/web\/wp-json\/wp\/v2\/users\/1"}],"replies":[{"embeddable":true,"href":"https:\/\/artsinhealthfoundation.org\/web\/wp-json\/wp\/v2\/comments?post=747"}],"version-history":[{"count":7,"href":"https:\/\/artsinhealthfoundation.org\/web\/wp-json\/wp\/v2\/pages\/747\/revisions"}],"predecessor-version":[{"id":984,"href":"https:\/\/artsinhealthfoundation.org\/web\/wp-json\/wp\/v2\/pages\/747\/revisions\/984"}],"wp:attachment":[{"href":"https:\/\/artsinhealthfoundation.org\/web\/wp-json\/wp\/v2\/media?parent=747"}],"curies":[{"name":"wp","href":"https:\/\/api.w.org\/{rel}","templated":true}]}}